{"id":3741,"date":"2022-12-15T12:46:26","date_gmt":"2022-12-15T12:46:26","guid":{"rendered":"https:\/\/corlaroca.cat\/3737-2\/"},"modified":"2022-12-15T12:58:39","modified_gmt":"2022-12-15T12:58:39","slug":"3737-2","status":"publish","type":"page","link":"https:\/\/corlaroca.cat\/es\/3737-2\/","title":{"rendered":"ENS VISITA EL PARE NOEL 2022"},"content":{"rendered":"<div id='av_section_1'  class='avia-section av-9va2p5-4460f079bad047eff8790e1f919bc7fc main_color avia-section-default avia-no-border-styling  avia-builder-el-0  avia-builder-el-no-sibling  avia-bg-style-scroll container_wrap fullsize'  ><div class='container av-section-cont-open' ><main  role=\"main\" itemprop=\"mainContentOfPage\"  class='template-page content  av-content-full alpha units'><div class='post-entry post-entry-type-page post-entry-3741'><div class='entry-content-wrapper clearfix'>\n\n<style type=\"text\/css\" data-created_by=\"avia_inline_auto\" id=\"style-css-av-89fta1-d984e931ca26a59619436654f8cbaad1\">\n.flex_column.av-89fta1-d984e931ca26a59619436654f8cbaad1{\nborder-radius:0px 0px 0px 0px;\npadding:0px 0px 0px 0px;\n}\n<\/style>\n<div  class='flex_column av-89fta1-d984e931ca26a59619436654f8cbaad1 av_one_full  avia-builder-el-1  el_before_av_one_half  avia-builder-el-first  first flex_column_div av-zero-column-padding  '     ><section  class='av_textblock_section av-lbp2qi30-47d14339313a8641fb373e240f4112c1 '   itemscope=\"itemscope\" itemtype=\"https:\/\/schema.org\/CreativeWork\" ><div class='avia_textblock'  itemprop=\"text\" ><h1 class=\"p1\" style=\"text-align: center;\"><span class=\"s1\">NOS VISITA EL PAPA NOEL<\/span><\/h1>\n<\/div><\/section><br \/>\n\n<style type=\"text\/css\" data-created_by=\"avia_inline_auto\" id=\"style-css-av-5qla2x-31ffa6bc38594d93372e450780317575\">\n#top .hr.av-5qla2x-31ffa6bc38594d93372e450780317575{\nmargin-top:-10px;\nmargin-bottom:30px;\n}\n.hr.av-5qla2x-31ffa6bc38594d93372e450780317575 .hr-inner{\nwidth:50px;\nborder-color:#4c1e3b;\n}\n<\/style>\n<div  class='hr av-5qla2x-31ffa6bc38594d93372e450780317575 hr-custom  avia-builder-el-3  el_after_av_textblock  avia-builder-el-last  hr-center hr-icon-no'><span class='hr-inner inner-border-av-border-fat'><span class=\"hr-inner-style\"><\/span><\/span><\/div><\/p><\/div>\n<style type=\"text\/css\" data-created_by=\"avia_inline_auto\" id=\"style-css-av-3yf6i1-953022d05ad9043ae0ca207fab70e73c\">\n.flex_column.av-3yf6i1-953022d05ad9043ae0ca207fab70e73c{\nborder-radius:0px 0px 0px 0px;\npadding:0px 0px 0px 0px;\n}\n<\/style>\n<div  class='flex_column av-3yf6i1-953022d05ad9043ae0ca207fab70e73c av_one_half  avia-builder-el-4  el_after_av_one_full  el_before_av_one_half  first flex_column_div av-zero-column-padding  column-top-margin'     ><section  class='av_textblock_section av-lbp2s5id-9a4139148ceb3fa22078d13096090155 '   itemscope=\"itemscope\" itemtype=\"https:\/\/schema.org\/CreativeWork\" ><div class='avia_textblock'  itemprop=\"text\" ><p>El pr\u00f3ximo jueves 22 de diciembre de 17 a 20h encontrar\u00e9is a un se\u00f1or regordete y con un traje rojo acompa\u00f1ado de un elegante Elfo.<\/p>\n<p>&#8211; \ud83c\udf85 Pasear\u00e1 por nuestros establecimientos haci\u00e9ndose fotos.<\/p>\n<p>&#8211; \ud83c\udf85 Finalmente encontrada en la Plaza de la Era donde atender\u00e1 a los ni\u00f1os y ofrecer\u00e1 chocolate caliente con melindros.<\/p>\n<p>Pod\u00e9is colgar vuestras fotograf\u00edas con el Papa Noel con lo Hastag #NadalalteuCOR<\/p>\n<\/div><\/section><\/div>\n<style type=\"text\/css\" data-created_by=\"avia_inline_auto\" id=\"style-css-av-2fs0ll-631592b3179aa0bce818688f7e9bffe5\">\n.flex_column.av-2fs0ll-631592b3179aa0bce818688f7e9bffe5{\nborder-radius:0px 0px 0px 0px;\npadding:0px 0px 0px 0px;\n}\n<\/style>\n<div  class='flex_column av-2fs0ll-631592b3179aa0bce818688f7e9bffe5 av_one_half  avia-builder-el-6  el_after_av_one_half  avia-builder-el-last  flex_column_div av-zero-column-padding  column-top-margin'     ><style type=\"text\/css\" data-created_by=\"avia_inline_auto\" id=\"style-css-av-lbp2qt8f-1a0ccfda08d20b0cf8af0dde2cf0cddf\">\n.avia-image-container.av-lbp2qt8f-1a0ccfda08d20b0cf8af0dde2cf0cddf img.avia_image{\nbox-shadow:none;\n}\n.avia-image-container.av-lbp2qt8f-1a0ccfda08d20b0cf8af0dde2cf0cddf .av-image-caption-overlay-center{\ncolor:#ffffff;\n}\n<\/style>\n<div  class='avia-image-container av-lbp2qt8f-1a0ccfda08d20b0cf8af0dde2cf0cddf av-styling- avia-align-center  avia-builder-el-7  avia-builder-el-no-sibling '   itemprop=\"image\" itemscope=\"itemscope\" itemtype=\"https:\/\/schema.org\/ImageObject\" ><div class=\"avia-image-container-inner\"><div class=\"avia-image-overlay-wrap\"><img decoding=\"async\" fetchpriority=\"high\" class='wp-image-3731 avia-img-lazy-loading-not-3731 avia_image ' src=\"https:\/\/corlaroca.cat\/wp-content\/uploads\/2022\/12\/PARE-NOEL.jpeg\" alt='' title='PARE NOEL'  height=\"1130\" width=\"1600\"  itemprop=\"thumbnailUrl\" srcset=\"https:\/\/corlaroca.cat\/wp-content\/uploads\/2022\/12\/PARE-NOEL.jpeg 1600w, https:\/\/corlaroca.cat\/wp-content\/uploads\/2022\/12\/PARE-NOEL-300x212.jpeg 300w, https:\/\/corlaroca.cat\/wp-content\/uploads\/2022\/12\/PARE-NOEL-1030x727.jpeg 1030w, https:\/\/corlaroca.cat\/wp-content\/uploads\/2022\/12\/PARE-NOEL-768x542.jpeg 768w, https:\/\/corlaroca.cat\/wp-content\/uploads\/2022\/12\/PARE-NOEL-1536x1085.jpeg 1536w, https:\/\/corlaroca.cat\/wp-content\/uploads\/2022\/12\/PARE-NOEL-1500x1059.jpeg 1500w, https:\/\/corlaroca.cat\/wp-content\/uploads\/2022\/12\/PARE-NOEL-260x185.jpeg 260w, https:\/\/corlaroca.cat\/wp-content\/uploads\/2022\/12\/PARE-NOEL-705x498.jpeg 705w\" sizes=\"(max-width: 1600px) 100vw, 1600px\" \/><\/div><\/div><\/div><\/div>\n","protected":false},"excerpt":{"rendered":"","protected":false},"author":2,"featured_media":0,"parent":0,"menu_order":0,"comment_status":"closed","ping_status":"closed","template":"","meta":{"footnotes":""},"class_list":["post-3741","page","type-page","status-publish","hentry"],"yoast_head":"<!-- This site is optimized with the Yoast SEO plugin v27.4 - https:\/\/yoast.com\/product\/yoast-seo-wordpress\/ -->\n<title>ENS VISITA EL PARE NOEL 2022 - Cor la Roca<\/title>\n<meta name=\"robots\" content=\"index, follow, max-snippet:-1, max-image-preview:large, max-video-preview:-1\" \/>\n<link rel=\"canonical\" href=\"https:\/\/corlaroca.cat\/es\/3737-2\/\" \/>\n<meta property=\"og:locale\" content=\"es_ES\" \/>\n<meta property=\"og:type\" content=\"article\" \/>\n<meta property=\"og:title\" content=\"ENS VISITA EL PARE NOEL 2022 - Cor la Roca\" \/>\n<meta property=\"og:url\" content=\"https:\/\/corlaroca.cat\/es\/3737-2\/\" \/>\n<meta property=\"og:site_name\" content=\"Cor la Roca\" \/>\n<meta property=\"article:modified_time\" content=\"2022-12-15T12:58:39+00:00\" \/>\n<meta name=\"twitter:card\" content=\"summary_large_image\" \/>\n<meta name=\"twitter:label1\" content=\"Tiempo de lectura\" \/>\n\t<meta name=\"twitter:data1\" content=\"3 minutos\" \/>\n<script type=\"application\/ld+json\" class=\"yoast-schema-graph\">{\"@context\":\"https:\\\/\\\/schema.org\",\"@graph\":[{\"@type\":\"WebPage\",\"@id\":\"https:\\\/\\\/corlaroca.cat\\\/es\\\/3737-2\\\/\",\"url\":\"https:\\\/\\\/corlaroca.cat\\\/es\\\/3737-2\\\/\",\"name\":\"ENS VISITA EL PARE NOEL 2022 - Cor la Roca\",\"isPartOf\":{\"@id\":\"https:\\\/\\\/corlaroca.cat\\\/es\\\/#website\"},\"datePublished\":\"2022-12-15T12:46:26+00:00\",\"dateModified\":\"2022-12-15T12:58:39+00:00\",\"breadcrumb\":{\"@id\":\"https:\\\/\\\/corlaroca.cat\\\/es\\\/3737-2\\\/#breadcrumb\"},\"inLanguage\":\"es\",\"potentialAction\":[{\"@type\":\"ReadAction\",\"target\":[\"https:\\\/\\\/corlaroca.cat\\\/es\\\/3737-2\\\/\"]}]},{\"@type\":\"BreadcrumbList\",\"@id\":\"https:\\\/\\\/corlaroca.cat\\\/es\\\/3737-2\\\/#breadcrumb\",\"itemListElement\":[{\"@type\":\"ListItem\",\"position\":1,\"name\":\"Portada\",\"item\":\"https:\\\/\\\/corlaroca.cat\\\/es\\\/inicio\\\/\"},{\"@type\":\"ListItem\",\"position\":2,\"name\":\"ENS VISITA EL PARE NOEL 2022\"}]},{\"@type\":\"WebSite\",\"@id\":\"https:\\\/\\\/corlaroca.cat\\\/es\\\/#website\",\"url\":\"https:\\\/\\\/corlaroca.cat\\\/es\\\/\",\"name\":\"Cor la Roca\",\"description\":\"Just another WordPress site\",\"potentialAction\":[{\"@type\":\"SearchAction\",\"target\":{\"@type\":\"EntryPoint\",\"urlTemplate\":\"https:\\\/\\\/corlaroca.cat\\\/es\\\/?s={search_term_string}\"},\"query-input\":{\"@type\":\"PropertyValueSpecification\",\"valueRequired\":true,\"valueName\":\"search_term_string\"}}],\"inLanguage\":\"es\"}]}<\/script>\n<!-- \/ Yoast SEO plugin. -->","yoast_head_json":{"title":"ENS VISITA EL PARE NOEL 2022 - Cor la Roca","robots":{"index":"index","follow":"follow","max-snippet":"max-snippet:-1","max-image-preview":"max-image-preview:large","max-video-preview":"max-video-preview:-1"},"canonical":"https:\/\/corlaroca.cat\/es\/3737-2\/","og_locale":"es_ES","og_type":"article","og_title":"ENS VISITA EL PARE NOEL 2022 - Cor la Roca","og_url":"https:\/\/corlaroca.cat\/es\/3737-2\/","og_site_name":"Cor la Roca","article_modified_time":"2022-12-15T12:58:39+00:00","twitter_card":"summary_large_image","twitter_misc":{"Tiempo de lectura":"3 minutos"},"schema":{"@context":"https:\/\/schema.org","@graph":[{"@type":"WebPage","@id":"https:\/\/corlaroca.cat\/es\/3737-2\/","url":"https:\/\/corlaroca.cat\/es\/3737-2\/","name":"ENS VISITA EL PARE NOEL 2022 - Cor la Roca","isPartOf":{"@id":"https:\/\/corlaroca.cat\/es\/#website"},"datePublished":"2022-12-15T12:46:26+00:00","dateModified":"2022-12-15T12:58:39+00:00","breadcrumb":{"@id":"https:\/\/corlaroca.cat\/es\/3737-2\/#breadcrumb"},"inLanguage":"es","potentialAction":[{"@type":"ReadAction","target":["https:\/\/corlaroca.cat\/es\/3737-2\/"]}]},{"@type":"BreadcrumbList","@id":"https:\/\/corlaroca.cat\/es\/3737-2\/#breadcrumb","itemListElement":[{"@type":"ListItem","position":1,"name":"Portada","item":"https:\/\/corlaroca.cat\/es\/inicio\/"},{"@type":"ListItem","position":2,"name":"ENS VISITA EL PARE NOEL 2022"}]},{"@type":"WebSite","@id":"https:\/\/corlaroca.cat\/es\/#website","url":"https:\/\/corlaroca.cat\/es\/","name":"Cor la Roca","description":"Just another WordPress site","potentialAction":[{"@type":"SearchAction","target":{"@type":"EntryPoint","urlTemplate":"https:\/\/corlaroca.cat\/es\/?s={search_term_string}"},"query-input":{"@type":"PropertyValueSpecification","valueRequired":true,"valueName":"search_term_string"}}],"inLanguage":"es"}]}},"_links":{"self":[{"href":"https:\/\/corlaroca.cat\/es\/wp-json\/wp\/v2\/pages\/3741","targetHints":{"allow":["GET"]}}],"collection":[{"href":"https:\/\/corlaroca.cat\/es\/wp-json\/wp\/v2\/pages"}],"about":[{"href":"https:\/\/corlaroca.cat\/es\/wp-json\/wp\/v2\/types\/page"}],"author":[{"embeddable":true,"href":"https:\/\/corlaroca.cat\/es\/wp-json\/wp\/v2\/users\/2"}],"replies":[{"embeddable":true,"href":"https:\/\/corlaroca.cat\/es\/wp-json\/wp\/v2\/comments?post=3741"}],"version-history":[{"count":0,"href":"https:\/\/corlaroca.cat\/es\/wp-json\/wp\/v2\/pages\/3741\/revisions"}],"wp:attachment":[{"href":"https:\/\/corlaroca.cat\/es\/wp-json\/wp\/v2\/media?parent=3741"}],"curies":[{"name":"wp","href":"https:\/\/api.w.org\/{rel}","templated":true}]}}